{"id":3508,"date":"2025-02-13T11:54:31","date_gmt":"2025-02-13T10:54:31","guid":{"rendered":"https:\/\/adasispa.it\/yoga-e-spa\/"},"modified":"2025-03-11T15:46:42","modified_gmt":"2025-03-11T14:46:42","slug":"yoga-e-spa","status":"publish","type":"page","link":"http:\/\/adasispa.it\/en\/yoga-e-spa\/","title":{"rendered":"Experience"},"content":{"rendered":"<div class=\"wpb-content-wrapper\"><p>[vc_row css=&#8221;.vc_custom_1731997738496{padding-top: 60px !important;padding-bottom: 60px !important;}&#8221;][vc_column][vc_single_image image=&#8221;3429&#8243; img_size=&#8221;full&#8221; alignment=&#8221;center&#8221; css=&#8221;&#8221;][vc_empty_space]<div id=\"ultimate-heading-75569e35dcae25cd\" class=\"uvc-heading ult-adjust-bottom-margin ultimate-heading-75569e35dcae25cd uvc-109 \" data-hspacer=\"no_spacer\"  data-halign=\"center\" style=\"text-align:center\"><div class=\"uvc-heading-spacer no_spacer\" style=\"top\"><\/div><div class=\"uvc-main-heading ult-responsive\"  data-ultimate-target='.uvc-heading.ultimate-heading-75569e35dcae25cd h2'  data-responsive-json-new='{\"font-size\":\"desktop:40px;\",\"line-height\":\"desktop:45px;\"}' ><h2 style=\"font-family:&#039;Great Vibes&#039;;--font-weight:theme;color:#719a8f;\">Le domeniche Yoga &amp; Spa<\/h2><\/div><div class=\"uvc-sub-heading ult-responsive\"  data-ultimate-target='.uvc-heading.ultimate-heading-75569e35dcae25cd .uvc-sub-heading '  data-responsive-json-new='{\"font-size\":\"desktop:20px;\",\"line-height\":\"desktop:25px;\"}'  style=\"font-family:&#039;Poppins&#039;;font-weight:normal;color:#303030;margin-top:10px;margin-bottom:20px;\">Una domenica da dedicare a s\u00e9 e al proprio benessere.<br \/>\nOgni evento comprende la Pratica di Yoga, una colazione salutare e gustosa e il percorso spa.<\/div><\/div>[\/vc_column][\/vc_row][vc_row css=&#8221;.vc_custom_1739461050753{padding-top: 0px !important;padding-bottom: 60px !important;}&#8221; el_id=&#8221;domeniche-yoga&#8221;][vc_column width=&#8221;1\/2&#8243;][vc_row_inner][vc_column_inner][vc_single_image image=&#8221;3439&#8243; img_size=&#8221;full&#8221; css=&#8221;&#8221;][vc_empty_space height=&#8221;20px&#8221;]<div id=\"ultimate-heading-624069e35dcae26ac\" class=\"uvc-heading ult-adjust-bottom-margin ultimate-heading-624069e35dcae26ac uvc-4980 \" data-hspacer=\"no_spacer\"  data-halign=\"left\" style=\"text-align:left\"><div class=\"uvc-heading-spacer no_spacer\" style=\"top\"><\/div><div class=\"uvc-main-heading ult-responsive\"  data-ultimate-target='.uvc-heading.ultimate-heading-624069e35dcae26ac h2'  data-responsive-json-new='{\"font-size\":\"desktop:40px;\",\"line-height\":\"desktop:45px;\"}' ><h2 style=\"font-family:&#039;Great Vibes&#039;;--font-weight:theme;color:#719a8f;\">Hocus Focus<\/h2><\/div><div class=\"uvc-sub-heading ult-responsive\"  data-ultimate-target='.uvc-heading.ultimate-heading-624069e35dcae26ac .uvc-sub-heading '  data-responsive-json-new='{\"font-size\":\"desktop:16px;\",\"line-height\":\"desktop:22px;\"}'  style=\"font-family:&#039;Poppins&#039;;font-weight:normal;color:#303030;margin-bottom:20px;\"><\/p>\n<p class=\"p1\">DOMENICA 23 FEBBRAIO | GOLFERENZO (PV)<\/p>\n<p class=\"p1\"><span style=\"color: #719a8f;\"><b>H 9.30 &#8211; 10.30<\/b><\/span> | Yoga in Cas\u00e8na<br \/>\n<span style=\"color: #719a8f;\"><b>H 11.00 &#8211; 13.30<\/b><\/span> | Spa con colazione<\/div><\/div>[vc_column_text css=&#8221;&#8221;]<strong><span style=\"color: #719a8f;\">Pratica di ConcentrAzione ed equilibrio<\/span><\/strong><\/p>\n<p>Quante volte ci sentiamo distratti, ci dimentichiamo le cose o semplicemente \u201c<em>siamo da un\u2019altra parte<\/em>\u201d?<\/p>\n<p>Il focus sulla consapevolezza del respiro in armonia con il movimento durante la pratica yoga aiuta la mente a <strong><span style=\"color: #719a8f;\">liberarsi da pensieri stressanti e a creare uno spazio mentale pi\u00f9 tranquillo ed in totale presenza.<\/span><\/strong>[\/vc_column_text][vc_tta_accordion title_tag=&#8221;p&#8221; section_title_tag=&#8221;p&#8221; style=&#8221;flat&#8221; color=&#8221;white&#8221; active_section=&#8221;0&#8243; no_fill=&#8221;true&#8221; collapsible_all=&#8221;true&#8221; css=&#8221;.vc_custom_1739442854206{margin-top: 20px !important;}&#8221;][vc_tta_section title=&#8221;Scopri di pi\u00f9&#8221; tab_id=&#8221;hocus-focus&#8221;][vc_column_text css=&#8221;&#8221;]Le posizioni di equilibrio sviluppano stabilit\u00e0 fisica e mentale, ed oltre a potenziare la zona del core (muscolatura del pavimento pelvico), migliorano la consapevolezza corporea ed aumentano la concentrazione.<\/p>\n<p>L\u2019equilibrio nel corpo si riflette in una mente calma e leggera, ma anche fresca ed attiva. Attraverso la concentrazione costante sul respiro nel momento presente, attimo dopo attimo possiamo <span style=\"color: #719a8f;\"><strong>migliorare l\u2019equilibrio nel quotidiano e a gestire lo stress.<\/strong><\/span>[\/vc_column_text][\/vc_tta_section][\/vc_tta_accordion][vc_empty_space height=&#8221;20px&#8221;][vc_column_text css=&#8221;&#8221;]<span style=\"font-size: 20px; color: #2f4b48;\"><strong>85,00 \u20ac a persona<\/strong><\/span>.<br \/>\nComprende: pratica di yoga, colazione salutare e percorso SPA.<br \/>\n<span style=\"font-size: 14px; color: #2f4b48;\">MAX 10 POSTI<\/span>[\/vc_column_text][vc_empty_space height=&#8221;20px&#8221;][vc_btn title=&#8221;PRENOTA SUBITO&#8221; align=&#8221;center&#8221; css=&#8221;&#8221; link=&#8221;url:mailto%3Ainfo%40adasispa.it%3Fsubject%3DPrenotazione%3A%2520Hocus%2520Focus%2520-%2520Domenica%252023%2520febbraio&#8221;][vc_empty_space height=&#8221;20px&#8221;][\/vc_column_inner][\/vc_row_inner][\/vc_column][vc_column width=&#8221;1\/2&#8243;][vc_row_inner][vc_column_inner][vc_single_image image=&#8221;3435&#8243; img_size=&#8221;full&#8221; css=&#8221;&#8221;][vc_empty_space height=&#8221;20px&#8221;]<div id=\"ultimate-heading-232569e35dcae2738\" class=\"uvc-heading ult-adjust-bottom-margin ultimate-heading-232569e35dcae2738 uvc-9446 \" data-hspacer=\"no_spacer\"  data-halign=\"left\" style=\"text-align:left\"><div class=\"uvc-heading-spacer no_spacer\" style=\"top\"><\/div><div class=\"uvc-main-heading ult-responsive\"  data-ultimate-target='.uvc-heading.ultimate-heading-232569e35dcae2738 h2'  data-responsive-json-new='{\"font-size\":\"desktop:40px;\",\"line-height\":\"desktop:45px;\"}' ><h2 style=\"font-family:&#039;Great Vibes&#039;;--font-weight:theme;color:#719a8f;\">Con calma. Ma non troppo.<\/h2><\/div><div class=\"uvc-sub-heading ult-responsive\"  data-ultimate-target='.uvc-heading.ultimate-heading-232569e35dcae2738 .uvc-sub-heading '  data-responsive-json-new='{\"font-size\":\"desktop:16px;\",\"line-height\":\"desktop:22px;\"}'  style=\"font-family:&#039;Poppins&#039;;font-weight:normal;color:#303030;margin-bottom:20px;\"><\/p>\n<p class=\"p1\">DOMENICA 30 MARZO | GOLFERENZO (PV)<\/p>\n<p class=\"p1\"><span style=\"color: #719a8f;\"><b>H 9.30 &#8211; 10.30<\/b><\/span> | Yoga in Cas\u00e8na<br \/>\n<span style=\"color: #719a8f;\"><b>H 11.00 &#8211; 13.30<\/b><\/span> | Spa con colazione<\/div><\/div>[vc_column_text css=&#8221;&#8221;]<span style=\"color: #719a8f;\"><strong>Pratica di Yoga dinamico e rigenerante<\/strong><\/span><\/p>\n<p>\u201c<em>Lo yoga non fa per me<\/em>\u201d.<br \/>\n\u201c<em>Fermo\/a non ci sto stare<\/em>\u201d.<br \/>\n\u201c<em>Ho troppe cose da fare e non ho tempo per praticare<\/em>\u201d.<\/p>\n<p><span style=\"color: #719a8f;\"><strong>Se almeno una volta hai pensato a qualcuna di queste affermazioni, ecco la pratica giusta per te!<\/strong><\/span>[\/vc_column_text][vc_tta_accordion title_tag=&#8221;p&#8221; section_title_tag=&#8221;p&#8221; style=&#8221;flat&#8221; color=&#8221;white&#8221; active_section=&#8221;0&#8243; no_fill=&#8221;true&#8221; collapsible_all=&#8221;true&#8221; css=&#8221;.vc_custom_1739442854206{margin-top: 20px !important;}&#8221;][vc_tta_section title=&#8221;Scopri di pi\u00f9&#8221; tab_id=&#8221;con-calma&#8221;][vc_column_text css=&#8221;&#8221;]Yoga non \u00e8 solo meditazione, posizioni lente e tranquille ma pu\u00f2 anche diventare una routine di \u201callenamento\u201d consapevole.<\/p>\n<p>Una pratica pi\u00f9 dinamica, con sequenze mirate a rilasciare tensioni, energie negative ed a liberare la mente da pensieri ripetitivi \u00e8 l\u2019ideale per chi soffre di eccessivo stress.<br \/>\nLe pratiche yoga stimolano il sistema nervoso parasimpatico, responsabile del rilassamento e della rigenerazione cellulare, inducendo risposte neuronali in opposizione allo stress ed all\u2019overthinking.<\/p>\n<p>La pratica inoltre riduce i livelli di cortisolo, l&#8217;ormone responsabile dello stress, promuovendo un senso di calma e leggerezza.<br \/>\nGli asana (posizioni yoga) rilassano la tensione muscolare e migliorano la postura, alleviando fisicamente lo stress e riducendo l&#8217;ansia. <span style=\"color: #719a8f;\"><strong>Nel complesso, questa pratica favorisce l&#8217;equilibrio mente-corpo, fornendo strumenti pratici per affrontare lo stress quotidiano.<\/strong><\/span>[\/vc_column_text][\/vc_tta_section][\/vc_tta_accordion][vc_empty_space height=&#8221;20px&#8221;][vc_column_text css=&#8221;&#8221;]<span style=\"font-size: 20px; color: #2f4b48;\"><strong>85,00 \u20ac a persona<\/strong><\/span>.<br \/>\nComprende: pratica di yoga, colazione salutare e percorso SPA.<br \/>\n<span style=\"font-size: 14px; color: #2f4b48;\">MAX 10 POSTI<\/span>[\/vc_column_text][vc_empty_space height=&#8221;20px&#8221;][vc_btn title=&#8221;PRENOTA SUBITO&#8221; align=&#8221;center&#8221; css=&#8221;&#8221; link=&#8221;url:mailto%3Ainfo%40adasispa.it%3Fsubject%3DPrenotazione%3A%2520Con%2520calma.%2520Ma%2520non%2520troppo.%2520-%2520Domenica%252030%2520marzo&#8221;][vc_empty_space height=&#8221;20px&#8221;][\/vc_column_inner][\/vc_row_inner][\/vc_column][\/vc_row][vc_row css=&#8221;.vc_custom_1731679146731{padding-top: 0px !important;padding-bottom: 60px !important;}&#8221;][vc_column width=&#8221;1\/2&#8243;][vc_row_inner][vc_column_inner][vc_single_image image=&#8221;3433&#8243; img_size=&#8221;full&#8221; css=&#8221;&#8221;][vc_empty_space height=&#8221;20px&#8221;]<div id=\"ultimate-heading-655569e35dcae27b7\" class=\"uvc-heading ult-adjust-bottom-margin ultimate-heading-655569e35dcae27b7 uvc-9186 \" data-hspacer=\"no_spacer\"  data-halign=\"left\" style=\"text-align:left\"><div class=\"uvc-heading-spacer no_spacer\" style=\"top\"><\/div><div class=\"uvc-main-heading ult-responsive\"  data-ultimate-target='.uvc-heading.ultimate-heading-655569e35dcae27b7 h2'  data-responsive-json-new='{\"font-size\":\"desktop:40px;\",\"line-height\":\"desktop:45px;\"}' ><h2 style=\"font-family:&#039;Great Vibes&#039;;--font-weight:theme;color:#719a8f;\">April dolce dormir<\/h2><\/div><div class=\"uvc-sub-heading ult-responsive\"  data-ultimate-target='.uvc-heading.ultimate-heading-655569e35dcae27b7 .uvc-sub-heading '  data-responsive-json-new='{\"font-size\":\"desktop:16px;\",\"line-height\":\"desktop:22px;\"}'  style=\"font-family:&#039;Poppins&#039;;font-weight:normal;color:#303030;margin-bottom:20px;\"><\/p>\n<p class=\"p1\">DOMENICA 27 APRILE | GOLFERENZO (PV)<\/p>\n<p class=\"p1\"><span style=\"color: #719a8f;\"><b>H 9.30 &#8211; 10.30<\/b><\/span> | Yoga in Cas\u00e8na<br \/>\n<span style=\"color: #719a8f;\"><b>H 11.00 &#8211; 13.30<\/b><\/span> | Spa con colazione<\/div><\/div>[vc_column_text css=&#8221;&#8221;]<span style=\"color: #719a8f;\"><strong>Pratica di vinyasa soft + yoga nidra<\/strong><\/span><\/p>\n<p>La pratica di yoga nidra prevede una tecnica di rilassamento che <strong><span style=\"color: #719a8f;\">riduce notevolmente i livelli di stress e ansia, favorendo un ambiente mentale pi\u00f9 sereno per accogliere un sonno tranquillo.<\/span><\/strong><\/p>\n<p>Yoga Nidra, conosciuto anche come \u201c<em>sonno cosciente<\/em>\u201d, accompagna il\/la praticante in una meditazione profonda e consapevole attraverso affermazioni positive e visualizzazioni guidate, per concentrarsi su sensazioni piacevoli ed immagini rilassanti.<\/p>\n<p>Luce soffusa, suoni naturali ed un ambiente accogliente portano a percepire uno stato di relax e riposo equivalente ad alcuni livelli di sonno profondo.[\/vc_column_text][vc_empty_space height=&#8221;20px&#8221;][vc_column_text css=&#8221;&#8221;]<span style=\"font-size: 20px; color: #2f4b48;\"><strong>85,00 \u20ac a persona<\/strong><\/span>.<br \/>\nComprende: pratica di yoga, colazione salutare e percorso SPA.<br \/>\n<span style=\"font-size: 14px; color: #2f4b48;\">MAX 10 POSTI<\/span>[\/vc_column_text][vc_empty_space height=&#8221;20px&#8221;][vc_btn title=&#8221;PRENOTA SUBITO&#8221; align=&#8221;center&#8221; css=&#8221;&#8221; link=&#8221;url:mailto%3Ainfo%40adasispa.it%3Fsubject%3DPrenotazione%3A%2520April%2520Dolce%2520Dormir%2520-%2520Domenica%252027%2520aprile&#8221;][vc_empty_space height=&#8221;20px&#8221;][\/vc_column_inner][\/vc_row_inner][\/vc_column][vc_column width=&#8221;1\/2&#8243;][vc_row_inner][vc_column_inner][vc_single_image image=&#8221;3437&#8243; img_size=&#8221;full&#8221; css=&#8221;&#8221;][vc_empty_space height=&#8221;20px&#8221;]<div id=\"ultimate-heading-875969e35dcae283d\" class=\"uvc-heading ult-adjust-bottom-margin ultimate-heading-875969e35dcae283d uvc-4249 \" data-hspacer=\"no_spacer\"  data-halign=\"left\" style=\"text-align:left\"><div class=\"uvc-heading-spacer no_spacer\" style=\"top\"><\/div><div class=\"uvc-main-heading ult-responsive\"  data-ultimate-target='.uvc-heading.ultimate-heading-875969e35dcae283d h2'  data-responsive-json-new='{\"font-size\":\"desktop:40px;\",\"line-height\":\"desktop:45px;\"}' ><h2 style=\"font-family:&#039;Great Vibes&#039;;--font-weight:theme;color:#719a8f;\">Fermati. Respira. Stay Adasi<\/h2><\/div><div class=\"uvc-sub-heading ult-responsive\"  data-ultimate-target='.uvc-heading.ultimate-heading-875969e35dcae283d .uvc-sub-heading '  data-responsive-json-new='{\"font-size\":\"desktop:16px;\",\"line-height\":\"desktop:22px;\"}'  style=\"font-family:&#039;Poppins&#039;;font-weight:normal;color:#303030;margin-bottom:20px;\"><\/p>\n<p class=\"p1\">DOMENICA 25 MAGGIO | GOLFERENZO (PV)<\/p>\n<p class=\"p1\"><span style=\"color: #719a8f;\"><b>H 9.30 &#8211; 10.30<\/b><\/span> | Yoga in Cas\u00e8na<br \/>\n<span style=\"color: #719a8f;\"><b>H 11.00 &#8211; 13.30<\/b><\/span> | Spa con colazione<\/div><\/div>[vc_column_text css=&#8221;&#8221;]<span style=\"color: #719a8f;\"><strong>Pratica di Asana e Pranayama<\/strong><\/span><\/p>\n<p>La regolazione del respiro, pilastro portante della disciplina dello yoga, aiuta a <span style=\"color: #719a8f;\"><strong>calmare il sistema nervoso rendendo pi\u00f9 efficaci gli scambi di ossigeno e ripulendo il sistema corpo-mente dalle tossine in eccesso.<\/strong><\/span><\/p>\n<p>L\u201980% delle nostre energie di scarto viene espulsa attraverso il respiro, ed \u00e8 fondamentale conoscere le tecniche corrette per riattivare un respiro naturale. Gli asana (posizioni yoga) <span style=\"color: #719a8f;\"><strong>migliorano la flessibilit\u00e0, alleviano tensioni muscolari e migliorano la postura<\/strong><\/span>, contribuendo a ridurre eventuali fastidi fisici che potrebbero disturbare la respirazione che invece ha bisogno di essere favorita in ogni momento della giornata.<\/p>\n<p><strong><span style=\"color: #719a8f;\">La sessione ha una durata di 45 minuti<\/span><\/strong>, di gruppo o individuale, ed \u00e8 modellabile in base a diverse esigenze.[\/vc_column_text][vc_empty_space height=&#8221;20px&#8221;][vc_column_text css=&#8221;&#8221;]<span style=\"font-size: 20px; color: #2f4b48;\"><strong>85,00 \u20ac a persona<\/strong><\/span>.<br \/>\nComprende: pratica di yoga, colazione salutare e percorso SPA.<br \/>\n<span style=\"font-size: 14px; color: #2f4b48;\">MAX 10 POSTI<\/span>[\/vc_column_text][vc_empty_space height=&#8221;20px&#8221;][vc_btn title=&#8221;PRENOTA SUBITO&#8221; align=&#8221;center&#8221; css=&#8221;&#8221; link=&#8221;url:mailto%3Ainfo%40adasispa.it%3Fsubject%3DPrenotazione%3A%2520Fermati.%2520Respira.%2520Stay%2520Adasi.%2520-%2520Domenica%252025%2520maggio&#8221;][vc_empty_space height=&#8221;20px&#8221;][\/vc_column_inner][\/vc_row_inner][\/vc_column][\/vc_row][vc_row full_width=&#8221;stretch_row&#8221; content_placement=&#8221;middle&#8221; bg_type=&#8221;bg_color&#8221; css=&#8221;.vc_custom_1739445525852{padding-top: 60px !important;padding-bottom: 60px !important;}&#8221; bg_color_value=&#8221;#f2f2f2&#8243;][vc_column width=&#8221;1\/2&#8243;][vc_single_image image=&#8221;3036&#8243; img_size=&#8221;full&#8221; css=&#8221;&#8221;][\/vc_column][vc_column width=&#8221;1\/2&#8243;]<div id=\"ultimate-heading-200769e35dcae289f\" class=\"uvc-heading ult-adjust-bottom-margin ultimate-heading-200769e35dcae289f uvc-5922 \" data-hspacer=\"no_spacer\"  data-halign=\"left\" style=\"text-align:left\"><div class=\"uvc-heading-spacer no_spacer\" style=\"top\"><\/div><div class=\"uvc-main-heading ult-responsive\"  data-ultimate-target='.uvc-heading.ultimate-heading-200769e35dcae289f h2'  data-responsive-json-new='{\"font-size\":\"desktop:40px;\",\"line-height\":\"desktop:45px;\"}' ><h2 style=\"font-family:&#039;Great Vibes&#039;;--font-weight:theme;color:#719a8f;\">La spa<\/h2><\/div><div class=\"uvc-sub-heading ult-responsive\"  data-ultimate-target='.uvc-heading.ultimate-heading-200769e35dcae289f .uvc-sub-heading '  data-responsive-json-new='{\"font-size\":\"desktop:16px;\",\"line-height\":\"desktop:22px;\"}'  style=\"font-family:&#039;Poppins&#039;;font-weight:normal;color:#303030;margin-bottom:20px;\"><\/p>\n<p class=\"p1\">Immersa nell\u2019oasi di pace delle colline dell\u2019Oltrep\u00f2 Pavese, Ad\u00e0si spa vi accoglier\u00e0 nel modo pi\u00f9 autentico, guidandovi in un meraviglioso viaggio di benessere.<\/p>\n<p><\/div><\/div>[vc_column_text css=&#8221;&#8221;]Il percorso comprende:<\/p>\n<ul>\n<li>le eleganti vasche idromassaggio<\/li>\n<li>il Bagno di vapore<\/li>\n<li>la Soft Sauna<\/li>\n<li>la Sauna finlandese Nature<\/li>\n<li>l\u2019antica vasca di acqua dolce<\/li>\n<li>le Docce emozionali<\/li>\n<li>la Cascata di ghiaccio<\/li>\n<li>le curate zone relax indoor e outdoor<\/li>\n<li>la Tisaneria con rinfresco wellness<\/li>\n<li>il meraviglioso giardino in cui godere delle quattro stagioni con proposte sempre diverse.<\/li>\n<\/ul>\n<p><span style=\"color: #719a8f;\"><strong>Forniamo ad ogni ospite un curato spa kit: bag con morbido accappatoio, telo, peshtemal e ciabattine infradito.<\/strong><\/span>[\/vc_column_text][vc_empty_space][vc_btn title=&#8221;PRENOTA SUBITO&#8221; color=&#8221;white&#8221; align=&#8221;left&#8221; css=&#8221;&#8221; link=&#8221;url:%23domeniche-yoga&#8221;][\/vc_column][\/vc_row][vc_row full_width=&#8221;stretch_row&#8221; bg_type=&#8221;bg_color&#8221; css=&#8221;.vc_custom_1739443220547{padding-top: 60px !important;padding-bottom: 60px !important;}&#8221; bg_color_value=&#8221;#ffffff&#8221;][vc_column width=&#8221;1\/2&#8243;]<div id=\"ultimate-heading-173869e35dcae28fa\" class=\"uvc-heading ult-adjust-bottom-margin ultimate-heading-173869e35dcae28fa uvc-9444 \" data-hspacer=\"no_spacer\"  data-halign=\"left\" style=\"text-align:left\"><div class=\"uvc-heading-spacer no_spacer\" style=\"top\"><\/div><div class=\"uvc-main-heading ult-responsive\"  data-ultimate-target='.uvc-heading.ultimate-heading-173869e35dcae28fa h2'  data-responsive-json-new='{\"font-size\":\"desktop:40px;\",\"line-height\":\"desktop:45px;\"}' ><h2 style=\"font-family:&#039;Great Vibes&#039;;--font-weight:theme;color:#719a8f;\">L'insegnante<\/h2><\/div><\/div>[vc_column_text css=&#8221;.vc_custom_1739443575366{margin-top: 20px !important;}&#8221;]<\/p>\n<p class=\"p1\"><span style=\"color: #719a8f;\"><strong>Anna Borroni<\/strong><\/span>, insegnante certificata di Yoga VinYasa +200 RYS, istruttore nazionale CSEN, I\u00b0LIV +250 GINNASTICA YOGA ha studiato con la guida di Anna Biason, fondatrice dell\u2019Equilibrium Yoga Studio di Pordenone, diplomandosi presso la scuola storica Ananda Ashram di Milano del maestro indiano Shubhaji Satyaranjan.<\/p>\n<p><span style=\"color: #719a8f;\"><strong>Anna incarna la filosofia dello yoga non solo come pratica fisica, ma come un cammino per <\/strong><\/span><span style=\"color: #719a8f;\"><strong>abbracciare il benessere completo.<\/strong><\/span> Con passione, aggiornamenti continui ed una dedizione costante, Anna offre sessioni di yoga che vanno oltre il semplice esercizio fisico.[\/vc_column_text][vc_column_text css=&#8221;&#8221;]Ogni lezione \u00e8 un&#8217;opportunit\u00e0 per esplorare consapevolmente le sequenze di movimenti, la connessione mente-corpo e la ricerca di equilibrio interiore.<\/p>\n<p>La passione che Anna nutre fin da bambina per lo sport e il movimento consapevole si riflette nelle sue lezioni, <span style=\"color: #719a8f;\"><strong>che combinano elementi di mobilit\u00e0, forza, flessibilit\u00e0 ed attenzione al respiro.<\/strong><\/span><\/p>\n<p>La sua esperienza non si limita solo alla shala yoga; Anna integra la sua conoscenza in uno stile di vita sano e genuino, <strong><span style=\"color: #719a8f;\">promuovendo la connessione con la Natura ed incoraggiando scelte di vita consapevoli, in una continua aspirazione nel perseguire una via di benessere autentico.<\/span><\/strong><\/p>\n<p>Dove il corpo, la mente e lo spirito si incontrano in armonia, ecco che possiamo sintonizzarci<br \/>\ncon il nostro benessere totale, ed affrontare serenamente ogni situazione.[\/vc_column_text][\/vc_column][vc_column width=&#8221;1\/2&#8243;][vc_single_image image=&#8221;3478&#8243; img_size=&#8221;full&#8221; css=&#8221;.vc_custom_1739462508117{margin-top: 20px !important;margin-bottom: 20px !important;}&#8221;][\/vc_column][\/vc_row][vc_row][vc_column][\/vc_column][\/vc_row]<\/p>\n<\/div>","protected":false},"excerpt":{"rendered":"<p>[vc_row css=&#8221;.vc_custom_1731997738496{padding-top: 60px !important;padding-bottom: 60px !important;}&#8221;][vc_column][vc_single_image image=&#8221;3429&#8243; img_size=&#8221;full&#8221; alignment=&#8221;center&#8221; css=&#8221;&#8221;][vc_empty_space][\/vc_column][\/vc_row][vc_row css=&#8221;.vc_custom_1739461050753{padding-top: 0px !important;padding-bottom: 60px !important;}&#8221; el_id=&#8221;domeniche-yoga&#8221;][vc_column width=&#8221;1\/2&#8243;][vc_row_inner][vc_column_inner][vc_single_image image=&#8221;3439&#8243; img_size=&#8221;full&#8221; css=&#8221;&#8221;][vc_empty_space height=&#8221;20px&#8221;][vc_column_text css=&#8221;&#8221;]Pratica di ConcentrAzione ed equilibrio Quante volte ci sentiamo distratti, ci dimentichiamo le cose o semplicemente \u201csiamo da un\u2019altra parte\u201d? Il focus sulla consapevolezza del respiro in armonia con il movimento durante la pratica&hellip;<\/p>\n","protected":false},"author":1,"featured_media":0,"parent":0,"menu_order":1,"comment_status":"closed","ping_status":"closed","template":"","meta":{"footnotes":""},"class_list":["post-3508","page","type-page","status-publish","hentry","description-off"],"_links":{"self":[{"href":"http:\/\/adasispa.it\/en\/wp-json\/wp\/v2\/pages\/3508","targetHints":{"allow":["GET"]}}],"collection":[{"href":"http:\/\/adasispa.it\/en\/wp-json\/wp\/v2\/pages"}],"about":[{"href":"http:\/\/adasispa.it\/en\/wp-json\/wp\/v2\/types\/page"}],"author":[{"embeddable":true,"href":"http:\/\/adasispa.it\/en\/wp-json\/wp\/v2\/users\/1"}],"replies":[{"embeddable":true,"href":"http:\/\/adasispa.it\/en\/wp-json\/wp\/v2\/comments?post=3508"}],"version-history":[{"count":2,"href":"http:\/\/adasispa.it\/en\/wp-json\/wp\/v2\/pages\/3508\/revisions"}],"predecessor-version":[{"id":3510,"href":"http:\/\/adasispa.it\/en\/wp-json\/wp\/v2\/pages\/3508\/revisions\/3510"}],"wp:attachment":[{"href":"http:\/\/adasispa.it\/en\/wp-json\/wp\/v2\/media?parent=3508"}],"curies":[{"name":"wp","href":"https:\/\/api.w.org\/{rel}","templated":true}]}}